{"id":2,"date":"2018-09-08T08:02:02","date_gmt":"2018-09-08T06:02:02","guid":{"rendered":"http:\/\/sorring.dk\/vandvaerk\/?page_id=2"},"modified":"2019-05-13T21:16:45","modified_gmt":"2019-05-13T19:16:45","slug":"eksempel-side","status":"publish","type":"page","link":"https:\/\/sorring.dk\/vandvaerk\/","title":{"rendered":"Om Sorring Vandv\u00e6rk a.m.b.a."},"content":{"rendered":"<p>&nbsp;<\/p>\n<p>Sorring Vandv\u00e6rk\u00a0er en af de private vandforsynings-virksomheder i Silkeborg kommune. Vandv\u00e6rket er grundlagt i 1897 og forsyner i dag sine ca. 600 interessenter med ca. 70.000 kubikmeter rent drikkevand p\u00e5 \u00e5rsbasis.<\/p>\n<table border=\"1\">\n<tbody>\n<tr>\n<td style=\"width: 283px\"><img loading=\"lazy\" decoding=\"async\" class=\"alignnone wp-image-166\" src=\"http:\/\/sorring.dk\/vandvaerk\/wp-content\/uploads\/sites\/25\/2019\/03\/boring.jpg\" alt=\"\" width=\"263\" height=\"190\" \/><\/td>\n<td style=\"width: 170px\"><img loading=\"lazy\" decoding=\"async\" class=\"wp-image-167 alignleft\" src=\"http:\/\/sorring.dk\/vandvaerk\/wp-content\/uploads\/sites\/25\/2019\/03\/filterbeholder.jpg\" alt=\"\" width=\"150\" height=\"221\" \/><\/td>\n<td style=\"width: 277px\"><img loading=\"lazy\" decoding=\"async\" class=\"wp-image-168 alignleft\" src=\"http:\/\/sorring.dk\/vandvaerk\/wp-content\/uploads\/sites\/25\/2019\/03\/pumper.jpg\" alt=\"\" width=\"255\" height=\"219\" \/><\/td>\n<\/tr>\n<tr>\n<td style=\"width: 283px\">Fra en 33 meter dyb boring i Dybdal pumpes vandet op fra undergrunden.<\/td>\n<td style=\"width: 170px\">Vandv\u00e6rket har 3 serieforbundne filterbeholdere, hvor vandet ledes igennem under tryk.<\/td>\n<td style=\"width: 277px\">Pumperne s\u00f8rger for at pumpe vandet op i h\u00f8jdebeholderen p\u00e5 M\u00f8llebakken, hvorfra st\u00f8rstedelen af vandv\u00e6rkets forbrugere forsynes med vand.<\/td>\n<\/tr>\n<\/tbody>\n<\/table>\n<div class=\"mceTemp\"><\/div>\n<p>&nbsp;<\/p>\n","protected":false},"excerpt":{"rendered":"<p>&nbsp; Sorring Vandv\u00e6rk\u00a0er en af de private vandforsynings-virksomheder i Silkeborg kommune. Vandv\u00e6rket er grundlagt i 1897 og forsyner i dag sine ca. 600 interessenter med ca. 70.000 kubikmeter rent drikkevand p\u00e5 \u00e5rsbasis. Fra en 33 meter dyb boring i Dybdal pumpes vandet op fra undergrunden. Vandv\u00e6rket har 3 serieforbundne filterbeholdere, hvor vandet ledes igennem under [&#8230;]<\/p>\n<p><a class=\"btn btn-secondary understrap-read-more-link\" href=\"https:\/\/sorring.dk\/vandvaerk\/\">L\u00e6s mere&#8230;<span class=\"screen-reader-text\"> from Om Sorring Vandv\u00e6rk a.m.b.a.<\/span><\/a><\/p>\n","protected":false},"author":5,"featured_media":0,"parent":0,"menu_order":0,"comment_status":"closed","ping_status":"open","template":"","meta":{"footnotes":""},"class_list":["post-2","page","type-page","status-publish","hentry"],"_links":{"self":[{"href":"https:\/\/sorring.dk\/vandvaerk\/wp-json\/wp\/v2\/pages\/2","targetHints":{"allow":["GET"]}}],"collection":[{"href":"https:\/\/sorring.dk\/vandvaerk\/wp-json\/wp\/v2\/pages"}],"about":[{"href":"https:\/\/sorring.dk\/vandvaerk\/wp-json\/wp\/v2\/types\/page"}],"author":[{"embeddable":true,"href":"https:\/\/sorring.dk\/vandvaerk\/wp-json\/wp\/v2\/users\/5"}],"replies":[{"embeddable":true,"href":"https:\/\/sorring.dk\/vandvaerk\/wp-json\/wp\/v2\/comments?post=2"}],"version-history":[{"count":6,"href":"https:\/\/sorring.dk\/vandvaerk\/wp-json\/wp\/v2\/pages\/2\/revisions"}],"predecessor-version":[{"id":215,"href":"https:\/\/sorring.dk\/vandvaerk\/wp-json\/wp\/v2\/pages\/2\/revisions\/215"}],"wp:attachment":[{"href":"https:\/\/sorring.dk\/vandvaerk\/wp-json\/wp\/v2\/media?parent=2"}],"curies":[{"name":"wp","href":"https:\/\/api.w.org\/{rel}","templated":true}]}}