{"id":70,"date":"2018-09-24T21:25:15","date_gmt":"2018-09-24T19:25:15","guid":{"rendered":"http:\/\/sorring.dk\/stif\/badminton\/tilmelding-til-badminton\/"},"modified":"2022-06-09T20:33:44","modified_gmt":"2022-06-09T18:33:44","slug":"tilmelding-til-badminton","status":"publish","type":"page","link":"https:\/\/sorring.dk\/stif\/badminton\/tilmelding-til-badminton\/","title":{"rendered":"Tilmelding til Badminton"},"content":{"rendered":"<p><script>\nfunction goto(){\nwindow.open('https:\/\/www.conventus.dk\/dataudv\/www\/tilmelding.php?foreningsid=5614&gruppe=163778&skjul_nyt_medlem=0&skjul_allerede_medlem=1','Tilmeld','left=' + ( (screen.availWidth - 800 - 12) \/ 2) + ',top=' + ((screen.availHeight - 600 - 31) \/ 2) + ',width=800,height=600,menubar=no,toolbar=no,location=no,status=no,scrollbars=yes,resizable=yes');\n}\n<\/script><br \/>\nFor at tilmelde dig eller dit barn til et hold, skal du\/dit barn oprettes som medlem i STIF. Du skal kun oprettes som medlem\u00a0<strong>\u00e9n<\/strong>\u00a0gang. Dvs. har du tidligere tilmeldt dig online, skal du bare logge p\u00e5 med dit kodeord &#8211; du kan f\u00e5 tilsendt et nyt, hvis du har glemt det.<\/p>\n<p>Medlemsoprettelse er gratis og alle i familien kan oprettes p\u00e5 samme mail\/telefon, da du ved den efterf\u00f8lgende tilmelding f\u00e5r mulighed for at v\u00e6lge, hvem af jer, der er deltager p\u00e5 holdet.<\/p>\n<p>N\u00e5r du eller dit barn er oprettet som medlem, v\u00e6lger du det \u00f8nskede hold herunder, for at lave tilmelding og betaling. Det er vigtigt, at\u00a0<strong>b\u00f8rn oprettes med eget navn og f\u00f8dselsdag!<\/strong><\/p>\n<table>\n<tbody>\n<tr>\n<td>\n<h5>Klik her for at oprette dig, hvis du er nyt medlem i STIF<\/h5>\n<\/td>\n<td><button onclick=\"goto()\">Opret medlem<\/button><\/td>\n<\/tr>\n<\/tbody>\n<\/table>\n<p>N\u00e5r du er oprettet som medlem og har et kodeord, v\u00e6lges det \u00f8nskede hold for tilmelding og betaling\u00a0 .<br \/>\n<iframe loading=\"lazy\" src=\"https:\/\/www.conventus.dk\/dataudv\/www\/holdoversigt_iframe.php?foreningsid=5614&amp;afdelingsid=22790&amp;handelsbetingelser=1&amp;reservationer=skjul&amp;skjul_nyt_medlem=1&amp;skjul_allerede_medlem=0&amp;vindue=popup&amp;ln0=1&amp;ln1=1&amp;ln2=2&amp;ln3=1&amp;ln4=1&amp;ln5=2&amp;ln6=1&amp;ln7=1&amp;ln8=1&amp;ln9=3&amp;bredde1=33&amp;bredde2=33&amp;bredde3=34&amp;kolonner=3\" width=\"95%\" height=\"1800\" frameborder=\"0\"><\/iframe><\/p>\n","protected":false},"excerpt":{"rendered":"<p>For at tilmelde dig eller dit barn til et hold, skal du\/dit barn oprettes som medlem i STIF. Du skal kun oprettes som medlem\u00a0\u00e9n\u00a0gang. Dvs. har du tidligere tilmeldt dig online, skal du bare logge p\u00e5 med dit kodeord &#8211; du kan f\u00e5 tilsendt et nyt, hvis du har glemt det. Medlemsoprettelse er gratis og [&#8230;]<\/p>\n<p><a class=\"btn btn-secondary understrap-read-more-link\" href=\"https:\/\/sorring.dk\/stif\/badminton\/tilmelding-til-badminton\/\">L\u00e6s mere&#8230;<span class=\"screen-reader-text\"> from Tilmelding til Badminton<\/span><\/a><\/p>\n","protected":false},"author":1,"featured_media":0,"parent":65,"menu_order":0,"comment_status":"closed","ping_status":"closed","template":"","meta":{"_crdt_document":"","footnotes":""},"class_list":["post-70","page","type-page","status-publish","hentry"],"yoast_head":"<!-- This site is optimized with the Yoast SEO plugin v26.5 - https:\/\/yoast.com\/wordpress\/plugins\/seo\/ -->\n<title>Tilmelding til Badminton - Sorring Toustrup Idr\u00e6tsforening<\/title>\n<meta name=\"robots\" content=\"index, follow, max-snippet:-1, max-image-preview:large, max-video-preview:-1\" \/>\n<link rel=\"canonical\" href=\"https:\/\/sorring.dk\/stif\/badminton\/tilmelding-til-badminton\/\" \/>\n<meta property=\"og:locale\" content=\"da_DK\" \/>\n<meta property=\"og:type\" content=\"article\" \/>\n<meta property=\"og:title\" content=\"Tilmelding til Badminton - Sorring Toustrup Idr\u00e6tsforening\" \/>\n<meta property=\"og:description\" content=\"For at tilmelde dig eller dit barn til et hold, skal du\/dit barn oprettes som medlem i STIF. Du skal kun oprettes som medlem\u00a0\u00e9n\u00a0gang. Dvs. har du tidligere tilmeldt dig online, skal du bare logge p\u00e5 med dit kodeord &#8211; du kan f\u00e5 tilsendt et nyt, hvis du har glemt det. Medlemsoprettelse er gratis og [...]L\u00e6s mere... from Tilmelding til Badminton\" \/>\n<meta property=\"og:url\" content=\"https:\/\/sorring.dk\/stif\/badminton\/tilmelding-til-badminton\/\" \/>\n<meta property=\"og:site_name\" content=\"Sorring Toustrup Idr\u00e6tsforening\" \/>\n<meta property=\"article:publisher\" content=\"https:\/\/www.facebook.com\/SorringToustrupIF\" \/>\n<meta property=\"article:modified_time\" content=\"2022-06-09T18:33:44+00:00\" \/>\n<meta name=\"twitter:card\" content=\"summary_large_image\" \/>\n<meta name=\"twitter:label1\" content=\"Estimeret l\u00e6setid\" \/>\n\t<meta name=\"twitter:data1\" content=\"1 minut\" \/>\n<script type=\"application\/ld+json\" class=\"yoast-schema-graph\">{\"@context\":\"https:\/\/schema.org\",\"@graph\":[{\"@type\":\"WebPage\",\"@id\":\"https:\/\/sorring.dk\/stif\/badminton\/tilmelding-til-badminton\/\",\"url\":\"https:\/\/sorring.dk\/stif\/badminton\/tilmelding-til-badminton\/\",\"name\":\"Tilmelding til Badminton - Sorring Toustrup Idr\u00e6tsforening\",\"isPartOf\":{\"@id\":\"https:\/\/sorring.dk\/stif\/#website\"},\"datePublished\":\"2018-09-24T19:25:15+00:00\",\"dateModified\":\"2022-06-09T18:33:44+00:00\",\"breadcrumb\":{\"@id\":\"https:\/\/sorring.dk\/stif\/badminton\/tilmelding-til-badminton\/#breadcrumb\"},\"inLanguage\":\"da-DK\",\"potentialAction\":[{\"@type\":\"ReadAction\",\"target\":[\"https:\/\/sorring.dk\/stif\/badminton\/tilmelding-til-badminton\/\"]}]},{\"@type\":\"BreadcrumbList\",\"@id\":\"https:\/\/sorring.dk\/stif\/badminton\/tilmelding-til-badminton\/#breadcrumb\",\"itemListElement\":[{\"@type\":\"ListItem\",\"position\":1,\"name\":\"Hjem\",\"item\":\"https:\/\/sorring.dk\/stif\/\"},{\"@type\":\"ListItem\",\"position\":2,\"name\":\"Badminton\",\"item\":\"https:\/\/sorring.dk\/stif\/badminton\/\"},{\"@type\":\"ListItem\",\"position\":3,\"name\":\"Tilmelding til Badminton\"}]},{\"@type\":\"WebSite\",\"@id\":\"https:\/\/sorring.dk\/stif\/#website\",\"url\":\"https:\/\/sorring.dk\/stif\/\",\"name\":\"Sorring Toustrup Idr\u00e6tsforening\",\"description\":\"Gymnastik, voksenhold, fodbold, badminton og hundetr\u00e6ning\",\"publisher\":{\"@id\":\"https:\/\/sorring.dk\/stif\/#organization\"},\"potentialAction\":[{\"@type\":\"SearchAction\",\"target\":{\"@type\":\"EntryPoint\",\"urlTemplate\":\"https:\/\/sorring.dk\/stif\/?s={search_term_string}\"},\"query-input\":{\"@type\":\"PropertyValueSpecification\",\"valueRequired\":true,\"valueName\":\"search_term_string\"}}],\"inLanguage\":\"da-DK\"},{\"@type\":\"Organization\",\"@id\":\"https:\/\/sorring.dk\/stif\/#organization\",\"name\":\"Sorring Toustrup Idr\u00e6tsforening\",\"url\":\"https:\/\/sorring.dk\/stif\/\",\"logo\":{\"@type\":\"ImageObject\",\"inLanguage\":\"da-DK\",\"@id\":\"https:\/\/sorring.dk\/stif\/#\/schema\/logo\/image\/\",\"url\":\"https:\/\/sorring.dk\/stif\/wp-content\/uploads\/sites\/37\/2018\/09\/STIF-Logo.jpg\",\"contentUrl\":\"https:\/\/sorring.dk\/stif\/wp-content\/uploads\/sites\/37\/2018\/09\/STIF-Logo.jpg\",\"width\":165,\"height\":160,\"caption\":\"Sorring Toustrup Idr\u00e6tsforening\"},\"image\":{\"@id\":\"https:\/\/sorring.dk\/stif\/#\/schema\/logo\/image\/\"},\"sameAs\":[\"https:\/\/www.facebook.com\/SorringToustrupIF\"]}]}<\/script>\n<!-- \/ Yoast SEO plugin. -->","yoast_head_json":{"title":"Tilmelding til Badminton - Sorring Toustrup Idr\u00e6tsforening","robots":{"index":"index","follow":"follow","max-snippet":"max-snippet:-1","max-image-preview":"max-image-preview:large","max-video-preview":"max-video-preview:-1"},"canonical":"https:\/\/sorring.dk\/stif\/badminton\/tilmelding-til-badminton\/","og_locale":"da_DK","og_type":"article","og_title":"Tilmelding til Badminton - Sorring Toustrup Idr\u00e6tsforening","og_description":"For at tilmelde dig eller dit barn til et hold, skal du\/dit barn oprettes som medlem i STIF. Du skal kun oprettes som medlem\u00a0\u00e9n\u00a0gang. Dvs. har du tidligere tilmeldt dig online, skal du bare logge p\u00e5 med dit kodeord &#8211; du kan f\u00e5 tilsendt et nyt, hvis du har glemt det. Medlemsoprettelse er gratis og [...]L\u00e6s mere... from Tilmelding til Badminton","og_url":"https:\/\/sorring.dk\/stif\/badminton\/tilmelding-til-badminton\/","og_site_name":"Sorring Toustrup Idr\u00e6tsforening","article_publisher":"https:\/\/www.facebook.com\/SorringToustrupIF","article_modified_time":"2022-06-09T18:33:44+00:00","twitter_card":"summary_large_image","twitter_misc":{"Estimeret l\u00e6setid":"1 minut"},"schema":{"@context":"https:\/\/schema.org","@graph":[{"@type":"WebPage","@id":"https:\/\/sorring.dk\/stif\/badminton\/tilmelding-til-badminton\/","url":"https:\/\/sorring.dk\/stif\/badminton\/tilmelding-til-badminton\/","name":"Tilmelding til Badminton - Sorring Toustrup Idr\u00e6tsforening","isPartOf":{"@id":"https:\/\/sorring.dk\/stif\/#website"},"datePublished":"2018-09-24T19:25:15+00:00","dateModified":"2022-06-09T18:33:44+00:00","breadcrumb":{"@id":"https:\/\/sorring.dk\/stif\/badminton\/tilmelding-til-badminton\/#breadcrumb"},"inLanguage":"da-DK","potentialAction":[{"@type":"ReadAction","target":["https:\/\/sorring.dk\/stif\/badminton\/tilmelding-til-badminton\/"]}]},{"@type":"BreadcrumbList","@id":"https:\/\/sorring.dk\/stif\/badminton\/tilmelding-til-badminton\/#breadcrumb","itemListElement":[{"@type":"ListItem","position":1,"name":"Hjem","item":"https:\/\/sorring.dk\/stif\/"},{"@type":"ListItem","position":2,"name":"Badminton","item":"https:\/\/sorring.dk\/stif\/badminton\/"},{"@type":"ListItem","position":3,"name":"Tilmelding til Badminton"}]},{"@type":"WebSite","@id":"https:\/\/sorring.dk\/stif\/#website","url":"https:\/\/sorring.dk\/stif\/","name":"Sorring Toustrup Idr\u00e6tsforening","description":"Gymnastik, voksenhold, fodbold, badminton og hundetr\u00e6ning","publisher":{"@id":"https:\/\/sorring.dk\/stif\/#organization"},"potentialAction":[{"@type":"SearchAction","target":{"@type":"EntryPoint","urlTemplate":"https:\/\/sorring.dk\/stif\/?s={search_term_string}"},"query-input":{"@type":"PropertyValueSpecification","valueRequired":true,"valueName":"search_term_string"}}],"inLanguage":"da-DK"},{"@type":"Organization","@id":"https:\/\/sorring.dk\/stif\/#organization","name":"Sorring Toustrup Idr\u00e6tsforening","url":"https:\/\/sorring.dk\/stif\/","logo":{"@type":"ImageObject","inLanguage":"da-DK","@id":"https:\/\/sorring.dk\/stif\/#\/schema\/logo\/image\/","url":"https:\/\/sorring.dk\/stif\/wp-content\/uploads\/sites\/37\/2018\/09\/STIF-Logo.jpg","contentUrl":"https:\/\/sorring.dk\/stif\/wp-content\/uploads\/sites\/37\/2018\/09\/STIF-Logo.jpg","width":165,"height":160,"caption":"Sorring Toustrup Idr\u00e6tsforening"},"image":{"@id":"https:\/\/sorring.dk\/stif\/#\/schema\/logo\/image\/"},"sameAs":["https:\/\/www.facebook.com\/SorringToustrupIF"]}]}},"_links":{"self":[{"href":"https:\/\/sorring.dk\/stif\/wp-json\/wp\/v2\/pages\/70","targetHints":{"allow":["GET"]}}],"collection":[{"href":"https:\/\/sorring.dk\/stif\/wp-json\/wp\/v2\/pages"}],"about":[{"href":"https:\/\/sorring.dk\/stif\/wp-json\/wp\/v2\/types\/page"}],"author":[{"embeddable":true,"href":"https:\/\/sorring.dk\/stif\/wp-json\/wp\/v2\/users\/1"}],"replies":[{"embeddable":true,"href":"https:\/\/sorring.dk\/stif\/wp-json\/wp\/v2\/comments?post=70"}],"version-history":[{"count":15,"href":"https:\/\/sorring.dk\/stif\/wp-json\/wp\/v2\/pages\/70\/revisions"}],"predecessor-version":[{"id":1443,"href":"https:\/\/sorring.dk\/stif\/wp-json\/wp\/v2\/pages\/70\/revisions\/1443"}],"up":[{"embeddable":true,"href":"https:\/\/sorring.dk\/stif\/wp-json\/wp\/v2\/pages\/65"}],"wp:attachment":[{"href":"https:\/\/sorring.dk\/stif\/wp-json\/wp\/v2\/media?parent=70"}],"curies":[{"name":"wp","href":"https:\/\/api.w.org\/{rel}","templated":true}]}}