{"id":102,"date":"2018-09-30T10:30:28","date_gmt":"2018-09-30T08:30:28","guid":{"rendered":"http:\/\/sorring.dk\/stif\/gymnastik\/"},"modified":"2026-03-20T17:41:52","modified_gmt":"2026-03-20T16:41:52","slug":"gymnastik","status":"publish","type":"page","link":"https:\/\/sorring.dk\/stif\/gymnastik\/","title":{"rendered":"Gymnastik"},"content":{"rendered":"\n<div class=\"wp-block-cover is-light has-custom-content-position is-position-bottom-left\" style=\"min-height:218px;aspect-ratio:unset;\"><img loading=\"lazy\" decoding=\"async\" width=\"1024\" height=\"683\" class=\"wp-block-cover__image-background wp-image-1802 size-large\" alt=\"\" src=\"https:\/\/sorring.dk\/stif\/wp-content\/uploads\/sites\/37\/2025\/06\/d33e1a54-b39a-48b7-b6f2-6ee31a073da7-1024x683.png\" data-object-fit=\"cover\" srcset=\"https:\/\/sorring.dk\/stif\/wp-content\/uploads\/sites\/37\/2025\/06\/d33e1a54-b39a-48b7-b6f2-6ee31a073da7-1024x683.png 1024w, https:\/\/sorring.dk\/stif\/wp-content\/uploads\/sites\/37\/2025\/06\/d33e1a54-b39a-48b7-b6f2-6ee31a073da7-300x200.png 300w, https:\/\/sorring.dk\/stif\/wp-content\/uploads\/sites\/37\/2025\/06\/d33e1a54-b39a-48b7-b6f2-6ee31a073da7-768x512.png 768w, https:\/\/sorring.dk\/stif\/wp-content\/uploads\/sites\/37\/2025\/06\/d33e1a54-b39a-48b7-b6f2-6ee31a073da7-1536x1024.png 1536w, https:\/\/sorring.dk\/stif\/wp-content\/uploads\/sites\/37\/2025\/06\/d33e1a54-b39a-48b7-b6f2-6ee31a073da7.png 2048w\" sizes=\"auto, (max-width: 1024px) 100vw, 1024px\" \/><span aria-hidden=\"true\" class=\"wp-block-cover__background has-white-background-color has-background-dim\"><\/span><div class=\"wp-block-cover__inner-container is-layout-constrained wp-block-cover-is-layout-constrained\">\n<p class=\"has-text-align-center has-large-font-size wp-block-paragraph\">Om STIF Gymnastik<\/p>\n<\/div><\/div>\n\n\n\n<p class=\"has-text-align-left wp-block-paragraph\"><strong>Gymnastik i Sorring er for alle b\u00f8rn, unge og voksne, der har lyst til at bruge sin krop.<\/strong><\/p>\n\n\n\n<p class=\"wp-block-paragraph\">Alle b\u00f8rn og unge har naturlig lyst til at bev\u00e6ge sig. S\u00e5 hvorfor ikke pr\u00f8ve en gymnastiktime.&nbsp;I Sorring Gymnastik har vi fokus p\u00e5 et h\u00f8jt aktivitetsniveau, motorisk udfordringer og f\u00e6rdigheder samt trygge forhold.<\/p>\n\n\n\n<p class=\"wp-block-paragraph\">Vi tilbyder hold indenfor alle aldersgrupper. Lige fra sm\u00e5b\u00f8rnshold, hvor mor og far kan v\u00e6re med \u2013 p\u00e5 de hold tr\u00e6nes motorik, bev\u00e6gelse samt tryghed ved redskaber \u2013 op til gymnastikhold for st\u00f8rre b\u00f8rn, hvor bev\u00e6gelse og motorik \u00f8ves intenst sammen med mere udfordrende \u00f8velser p\u00e5 redskaberne. Vi tilbyder ligeledes springhold, hvor alle kan v\u00e6re med p\u00e5 deres helt eget plan \u2013 enten du er \u00f8vet eller har lyst til at pr\u00f8ve for f\u00f8rste gang.<\/p>\n\n\n\n<p class=\"wp-block-paragraph\">Vi har ogs\u00e5 flere voksenhold med forskellige former for tr\u00e6ning.<\/p>\n\n\n\n<p class=\"wp-block-paragraph\">Tr\u00e6ningstilbuddene svinger over tid afh\u00e6ngig af, hvilke instrukt\u00f8rer der er tilknyttet foreningen.<\/p>\n\n\n\n<p class=\"wp-block-paragraph\">S\u00e6sonen starter normalt i september og afsluttes med opvisning sidste l\u00f8rdag i marts (hvis ikke den rammer ind i p\u00e5sken).&nbsp;Hold \u00f8je med opslagene i Sorring, Miniavisen og p\u00e5 hjemmesiden eller kontakt formanden for gymnastikafdelingen Signe Skou (stif-gym@sorring.dk).<\/p>\n\n\n\n<p class=\"wp-block-paragraph\">Vi ses i gymnastiksalen&#8230;<\/p>\n\n\n\n<p class=\"wp-block-paragraph\">&nbsp;<\/p>\n\n\n\n<p class=\"wp-block-paragraph\">&nbsp;<\/p>\n\n\n\n<figure class=\"wp-block-gallery has-nested-images columns-default is-cropped wp-block-gallery-1 is-layout-flex wp-block-gallery-is-layout-flex\">\n<figure class=\"wp-block-image size-large is-style-default\"><img loading=\"lazy\" decoding=\"async\" width=\"1024\" height=\"683\" data-id=\"1805\" src=\"https:\/\/sorring.dk\/stif\/wp-content\/uploads\/sites\/37\/2025\/06\/8827c4a8-4df8-4864-b8e9-7fdc4db63c6f-1024x683.png\" alt=\"\" class=\"wp-image-1805\" srcset=\"https:\/\/sorring.dk\/stif\/wp-content\/uploads\/sites\/37\/2025\/06\/8827c4a8-4df8-4864-b8e9-7fdc4db63c6f-1024x683.png 1024w, https:\/\/sorring.dk\/stif\/wp-content\/uploads\/sites\/37\/2025\/06\/8827c4a8-4df8-4864-b8e9-7fdc4db63c6f-300x200.png 300w, https:\/\/sorring.dk\/stif\/wp-content\/uploads\/sites\/37\/2025\/06\/8827c4a8-4df8-4864-b8e9-7fdc4db63c6f-768x512.png 768w, https:\/\/sorring.dk\/stif\/wp-content\/uploads\/sites\/37\/2025\/06\/8827c4a8-4df8-4864-b8e9-7fdc4db63c6f-1536x1024.png 1536w, https:\/\/sorring.dk\/stif\/wp-content\/uploads\/sites\/37\/2025\/06\/8827c4a8-4df8-4864-b8e9-7fdc4db63c6f.png 2048w\" sizes=\"auto, (max-width: 1024px) 100vw, 1024px\" \/><\/figure>\n\n\n\n<figure class=\"wp-block-image size-large\"><img loading=\"lazy\" decoding=\"async\" width=\"1024\" height=\"683\" data-id=\"1806\" src=\"https:\/\/sorring.dk\/stif\/wp-content\/uploads\/sites\/37\/2025\/06\/bcd56c2a-8952-40e1-bd77-f9fd55d5b226-1024x683.png\" alt=\"\" class=\"wp-image-1806\" srcset=\"https:\/\/sorring.dk\/stif\/wp-content\/uploads\/sites\/37\/2025\/06\/bcd56c2a-8952-40e1-bd77-f9fd55d5b226-1024x683.png 1024w, https:\/\/sorring.dk\/stif\/wp-content\/uploads\/sites\/37\/2025\/06\/bcd56c2a-8952-40e1-bd77-f9fd55d5b226-300x200.png 300w, https:\/\/sorring.dk\/stif\/wp-content\/uploads\/sites\/37\/2025\/06\/bcd56c2a-8952-40e1-bd77-f9fd55d5b226-768x512.png 768w, https:\/\/sorring.dk\/stif\/wp-content\/uploads\/sites\/37\/2025\/06\/bcd56c2a-8952-40e1-bd77-f9fd55d5b226-1536x1024.png 1536w, https:\/\/sorring.dk\/stif\/wp-content\/uploads\/sites\/37\/2025\/06\/bcd56c2a-8952-40e1-bd77-f9fd55d5b226.png 2048w\" sizes=\"auto, (max-width: 1024px) 100vw, 1024px\" \/><\/figure>\n\n\n\n<figure class=\"wp-block-image size-large\"><img loading=\"lazy\" decoding=\"async\" width=\"1024\" height=\"683\" data-id=\"1807\" src=\"https:\/\/sorring.dk\/stif\/wp-content\/uploads\/sites\/37\/2025\/06\/19a0543f-76a0-484a-83d7-bca3de38738f-1024x683.png\" alt=\"\" class=\"wp-image-1807\" srcset=\"https:\/\/sorring.dk\/stif\/wp-content\/uploads\/sites\/37\/2025\/06\/19a0543f-76a0-484a-83d7-bca3de38738f-1024x683.png 1024w, https:\/\/sorring.dk\/stif\/wp-content\/uploads\/sites\/37\/2025\/06\/19a0543f-76a0-484a-83d7-bca3de38738f-300x200.png 300w, https:\/\/sorring.dk\/stif\/wp-content\/uploads\/sites\/37\/2025\/06\/19a0543f-76a0-484a-83d7-bca3de38738f-768x512.png 768w, https:\/\/sorring.dk\/stif\/wp-content\/uploads\/sites\/37\/2025\/06\/19a0543f-76a0-484a-83d7-bca3de38738f-1536x1024.png 1536w, https:\/\/sorring.dk\/stif\/wp-content\/uploads\/sites\/37\/2025\/06\/19a0543f-76a0-484a-83d7-bca3de38738f.png 2048w\" sizes=\"auto, (max-width: 1024px) 100vw, 1024px\" \/><\/figure>\n<\/figure>\n\n\n\n<h3 class=\"wp-block-heading\">Tilmelding til Gymnastik<\/h3>\n\n\n\n<p class=\"wp-block-paragraph\">Online-tilmelding, holdbeskrivelser og tider finder I her <a href=\"http:\/\/sorring.dk\/stif\/gymnastik\/tilmelding-til-gymnastik\/\">&#8216;Tilmelding til gymnastik&#8217;<\/a>.<\/p>\n\n\n\n<hr class=\"wp-block-separator has-alpha-channel-opacity\"\/>\n\n\n\n<h3 class=\"wp-block-heading\">L\u00f8rdagsgymnastik<\/h3>\n\n\n\n<p class=\"wp-block-paragraph\">Tilmelding til l\u00f8rdagsgymnastik<br><embed type=\"text\/html\" src=\"https:\/\/www.conventus.dk\/dataudv\/www\/online_booking.php?forening=5614&wizard=dbl&dato=single&bookinger_tid=vaelg_fri_tid&bookinger_opdel=flad&bookinger_kolonner=ressource;pris;antal_pl#dato\" width=\"100%\" height=\"300\"><\/p>\n\n\n\n<hr class=\"wp-block-separator has-alpha-channel-opacity\"\/>\n\n\n\n<p class=\"wp-block-paragraph\"><strong>I \u00e5r er der f\u00f8lgende hold:<\/strong><\/p>\n\n\n\n<p class=\"wp-block-paragraph\">B\u00f8rnehold:<\/p>\n\n\n\n<ul class=\"wp-block-list\">\n<li>Spilopper (For\u00e6ldre\/barn hold)<\/li>\n\n\n\n<li>Sorringlopper<\/li>\n\n\n\n<li>Turbolopper<\/li>\n\n\n\n<li>Springlopper<\/li>\n\n\n\n<li>Juniorspring<\/li>\n\n\n\n<li>L\u00f8rdagsholdet\/familieholdet<\/li>\n<\/ul>\n\n\n\n<p class=\"wp-block-paragraph\">Voksenhold:<\/p>\n\n\n\n<ul class=\"wp-block-list\">\n<li>Female Fun<\/li>\n\n\n\n<li>Pilates<\/li>\n\n\n\n<li>Yoga<\/li>\n\n\n\n<li>BodyFlow<\/li>\n\n\n\n<li>Karleholdet<\/li>\n<\/ul>\n\n\n\n<p class=\"wp-block-paragraph\"><strong>Gymnastiks\u00e6sonen:<\/strong><\/p>\n\n\n\n<ul class=\"wp-block-list\">\n<li>Alle b\u00f8rnehold starter i uge 38 og afslutter med sidste tr\u00e6ning ugen op til p\u00e5ske.<\/li>\n\n\n\n<li>Voksenhold starter enten uge 36,37 eller 38. <\/li>\n\n\n\n<li>Der er som udgangspunkt ingen tr\u00e6ning i skolernes ferie<\/li>\n\n\n\n<li>Gymnastikopvisning afholdes altid den sidste l\u00f8rdag i marts (medmindre det rammer ind i p\u00e5sken). I \u00e5r er opvisningen den 21 marts 2026. <\/li>\n<\/ul>\n\n\n\n<p class=\"wp-block-paragraph\"><strong>Gymnastikafdelingen:<\/strong><\/p>\n\n\n\n<ul class=\"wp-block-list\">\n<li>Gymnastikformand Signe Skou \u2013 Tlf. 51541305 Mail: Stif-gymnastik@sorring.dk<\/li>\n\n\n\n<li>Udvalgsmedlem\/holdopretter Pernille Skriver \u2013 Tlf 26296851 Mail: perskriver@hotmail.com<\/li>\n\n\n\n<li>Et gymnastikudvalg best\u00e5ende af 5 engagerede gymnastiktr\u00e6nere<\/li>\n<\/ul>\n\n\n\n<p class=\"wp-block-paragraph\">OBS: Vi s\u00f8ger altid nye tr\u00e6nere og ideer til nye hold \u2013 b\u00e5de til b\u00f8rn og voksne, s\u00e5 har du lyst til at v\u00e6re en del af gymnastikken, s\u00e5 hold dig ikke tilbage.<\/p>\n\n\n\n<h3 class=\"wp-block-heading\">Se video klip fra opvisning 2023.<\/h3>\n\n\n\n<figure class=\"wp-block-video\"><video controls src=\"http:\/\/sorring.dk\/stif\/wp-content\/uploads\/sites\/37\/2023\/04\/opvisning-2023.mp4\"><\/video><\/figure>\n\n\n\n<p class=\"has-text-align-center wp-block-paragraph\">&nbsp;<\/p>\n","protected":false},"excerpt":{"rendered":"<p>Gymnastik i Sorring er for alle b\u00f8rn, unge og voksne, der har lyst til at bruge sin krop. Alle b\u00f8rn og unge har naturlig lyst til at bev\u00e6ge sig. S\u00e5 hvorfor ikke pr\u00f8ve en gymnastiktime.&nbsp;I Sorring Gymnastik har vi fokus p\u00e5 et h\u00f8jt aktivitetsniveau, motorisk udfordringer og f\u00e6rdigheder samt trygge forhold. Vi tilbyder hold indenfor [&#8230;]<\/p>\n<p><a class=\"btn btn-secondary understrap-read-more-link\" href=\"https:\/\/sorring.dk\/stif\/gymnastik\/\">L\u00e6s mere&#8230;<span class=\"screen-reader-text\"> from Gymnastik<\/span><\/a><\/p>\n","protected":false},"author":1,"featured_media":0,"parent":0,"menu_order":11,"comment_status":"closed","ping_status":"closed","template":"","meta":{"_crdt_document":"","footnotes":""},"class_list":["post-102","page","type-page","status-publish","hentry"],"yoast_head":"<!-- This site is optimized with the Yoast SEO plugin v26.5 - https:\/\/yoast.com\/wordpress\/plugins\/seo\/ -->\n<title>Gymnastik - Sorring Toustrup Idr\u00e6tsforening<\/title>\n<meta name=\"robots\" content=\"index, follow, max-snippet:-1, max-image-preview:large, max-video-preview:-1\" \/>\n<link rel=\"canonical\" href=\"https:\/\/sorring.dk\/stif\/gymnastik\/\" \/>\n<meta property=\"og:locale\" content=\"da_DK\" \/>\n<meta property=\"og:type\" content=\"article\" \/>\n<meta property=\"og:title\" content=\"Gymnastik - Sorring Toustrup Idr\u00e6tsforening\" \/>\n<meta property=\"og:description\" content=\"Gymnastik i Sorring er for alle b\u00f8rn, unge og voksne, der har lyst til at bruge sin krop. Alle b\u00f8rn og unge har naturlig lyst til at bev\u00e6ge sig. S\u00e5 hvorfor ikke pr\u00f8ve en gymnastiktime.&nbsp;I Sorring Gymnastik har vi fokus p\u00e5 et h\u00f8jt aktivitetsniveau, motorisk udfordringer og f\u00e6rdigheder samt trygge forhold. Vi tilbyder hold indenfor [...]L\u00e6s mere... from Gymnastik\" \/>\n<meta property=\"og:url\" content=\"https:\/\/sorring.dk\/stif\/gymnastik\/\" \/>\n<meta property=\"og:site_name\" content=\"Sorring Toustrup Idr\u00e6tsforening\" \/>\n<meta property=\"article:publisher\" content=\"https:\/\/www.facebook.com\/SorringToustrupIF\" \/>\n<meta property=\"article:modified_time\" content=\"2026-03-20T16:41:52+00:00\" \/>\n<meta property=\"og:image\" content=\"https:\/\/sorring.dk\/stif\/wp-content\/uploads\/sites\/37\/2025\/06\/d33e1a54-b39a-48b7-b6f2-6ee31a073da7-1024x683.png\" \/>\n\t<meta property=\"og:image:width\" content=\"1024\" \/>\n\t<meta property=\"og:image:height\" content=\"683\" \/>\n\t<meta property=\"og:image:type\" content=\"image\/png\" \/>\n<meta name=\"twitter:card\" content=\"summary_large_image\" \/>\n<meta name=\"twitter:label1\" content=\"Estimeret l\u00e6setid\" \/>\n\t<meta name=\"twitter:data1\" content=\"3 minutter\" \/>\n<script type=\"application\/ld+json\" class=\"yoast-schema-graph\">{\"@context\":\"https:\/\/schema.org\",\"@graph\":[{\"@type\":\"WebPage\",\"@id\":\"https:\/\/sorring.dk\/stif\/gymnastik\/\",\"url\":\"https:\/\/sorring.dk\/stif\/gymnastik\/\",\"name\":\"Gymnastik - Sorring Toustrup Idr\u00e6tsforening\",\"isPartOf\":{\"@id\":\"https:\/\/sorring.dk\/stif\/#website\"},\"primaryImageOfPage\":{\"@id\":\"https:\/\/sorring.dk\/stif\/gymnastik\/#primaryimage\"},\"image\":{\"@id\":\"https:\/\/sorring.dk\/stif\/gymnastik\/#primaryimage\"},\"thumbnailUrl\":\"https:\/\/sorring.dk\/stif\/wp-content\/uploads\/sites\/37\/2025\/06\/d33e1a54-b39a-48b7-b6f2-6ee31a073da7-1024x683.png\",\"datePublished\":\"2018-09-30T08:30:28+00:00\",\"dateModified\":\"2026-03-20T16:41:52+00:00\",\"breadcrumb\":{\"@id\":\"https:\/\/sorring.dk\/stif\/gymnastik\/#breadcrumb\"},\"inLanguage\":\"da-DK\",\"potentialAction\":[{\"@type\":\"ReadAction\",\"target\":[\"https:\/\/sorring.dk\/stif\/gymnastik\/\"]}]},{\"@type\":\"ImageObject\",\"inLanguage\":\"da-DK\",\"@id\":\"https:\/\/sorring.dk\/stif\/gymnastik\/#primaryimage\",\"url\":\"https:\/\/sorring.dk\/stif\/wp-content\/uploads\/sites\/37\/2025\/06\/d33e1a54-b39a-48b7-b6f2-6ee31a073da7.png\",\"contentUrl\":\"https:\/\/sorring.dk\/stif\/wp-content\/uploads\/sites\/37\/2025\/06\/d33e1a54-b39a-48b7-b6f2-6ee31a073da7.png\",\"width\":2048,\"height\":1365},{\"@type\":\"BreadcrumbList\",\"@id\":\"https:\/\/sorring.dk\/stif\/gymnastik\/#breadcrumb\",\"itemListElement\":[{\"@type\":\"ListItem\",\"position\":1,\"name\":\"Hjem\",\"item\":\"https:\/\/sorring.dk\/stif\/\"},{\"@type\":\"ListItem\",\"position\":2,\"name\":\"Gymnastik\"}]},{\"@type\":\"WebSite\",\"@id\":\"https:\/\/sorring.dk\/stif\/#website\",\"url\":\"https:\/\/sorring.dk\/stif\/\",\"name\":\"Sorring Toustrup Idr\u00e6tsforening\",\"description\":\"Gymnastik, voksenhold, fodbold, badminton og hundetr\u00e6ning\",\"publisher\":{\"@id\":\"https:\/\/sorring.dk\/stif\/#organization\"},\"potentialAction\":[{\"@type\":\"SearchAction\",\"target\":{\"@type\":\"EntryPoint\",\"urlTemplate\":\"https:\/\/sorring.dk\/stif\/?s={search_term_string}\"},\"query-input\":{\"@type\":\"PropertyValueSpecification\",\"valueRequired\":true,\"valueName\":\"search_term_string\"}}],\"inLanguage\":\"da-DK\"},{\"@type\":\"Organization\",\"@id\":\"https:\/\/sorring.dk\/stif\/#organization\",\"name\":\"Sorring Toustrup Idr\u00e6tsforening\",\"url\":\"https:\/\/sorring.dk\/stif\/\",\"logo\":{\"@type\":\"ImageObject\",\"inLanguage\":\"da-DK\",\"@id\":\"https:\/\/sorring.dk\/stif\/#\/schema\/logo\/image\/\",\"url\":\"https:\/\/sorring.dk\/stif\/wp-content\/uploads\/sites\/37\/2018\/09\/STIF-Logo.jpg\",\"contentUrl\":\"https:\/\/sorring.dk\/stif\/wp-content\/uploads\/sites\/37\/2018\/09\/STIF-Logo.jpg\",\"width\":165,\"height\":160,\"caption\":\"Sorring Toustrup Idr\u00e6tsforening\"},\"image\":{\"@id\":\"https:\/\/sorring.dk\/stif\/#\/schema\/logo\/image\/\"},\"sameAs\":[\"https:\/\/www.facebook.com\/SorringToustrupIF\"]}]}<\/script>\n<!-- \/ Yoast SEO plugin. -->","yoast_head_json":{"title":"Gymnastik - Sorring Toustrup Idr\u00e6tsforening","robots":{"index":"index","follow":"follow","max-snippet":"max-snippet:-1","max-image-preview":"max-image-preview:large","max-video-preview":"max-video-preview:-1"},"canonical":"https:\/\/sorring.dk\/stif\/gymnastik\/","og_locale":"da_DK","og_type":"article","og_title":"Gymnastik - Sorring Toustrup Idr\u00e6tsforening","og_description":"Gymnastik i Sorring er for alle b\u00f8rn, unge og voksne, der har lyst til at bruge sin krop. Alle b\u00f8rn og unge har naturlig lyst til at bev\u00e6ge sig. S\u00e5 hvorfor ikke pr\u00f8ve en gymnastiktime.&nbsp;I Sorring Gymnastik har vi fokus p\u00e5 et h\u00f8jt aktivitetsniveau, motorisk udfordringer og f\u00e6rdigheder samt trygge forhold. Vi tilbyder hold indenfor [...]L\u00e6s mere... from Gymnastik","og_url":"https:\/\/sorring.dk\/stif\/gymnastik\/","og_site_name":"Sorring Toustrup Idr\u00e6tsforening","article_publisher":"https:\/\/www.facebook.com\/SorringToustrupIF","article_modified_time":"2026-03-20T16:41:52+00:00","og_image":[{"width":1024,"height":683,"url":"https:\/\/sorring.dk\/stif\/wp-content\/uploads\/sites\/37\/2025\/06\/d33e1a54-b39a-48b7-b6f2-6ee31a073da7-1024x683.png","type":"image\/png"}],"twitter_card":"summary_large_image","twitter_misc":{"Estimeret l\u00e6setid":"3 minutter"},"schema":{"@context":"https:\/\/schema.org","@graph":[{"@type":"WebPage","@id":"https:\/\/sorring.dk\/stif\/gymnastik\/","url":"https:\/\/sorring.dk\/stif\/gymnastik\/","name":"Gymnastik - Sorring Toustrup Idr\u00e6tsforening","isPartOf":{"@id":"https:\/\/sorring.dk\/stif\/#website"},"primaryImageOfPage":{"@id":"https:\/\/sorring.dk\/stif\/gymnastik\/#primaryimage"},"image":{"@id":"https:\/\/sorring.dk\/stif\/gymnastik\/#primaryimage"},"thumbnailUrl":"https:\/\/sorring.dk\/stif\/wp-content\/uploads\/sites\/37\/2025\/06\/d33e1a54-b39a-48b7-b6f2-6ee31a073da7-1024x683.png","datePublished":"2018-09-30T08:30:28+00:00","dateModified":"2026-03-20T16:41:52+00:00","breadcrumb":{"@id":"https:\/\/sorring.dk\/stif\/gymnastik\/#breadcrumb"},"inLanguage":"da-DK","potentialAction":[{"@type":"ReadAction","target":["https:\/\/sorring.dk\/stif\/gymnastik\/"]}]},{"@type":"ImageObject","inLanguage":"da-DK","@id":"https:\/\/sorring.dk\/stif\/gymnastik\/#primaryimage","url":"https:\/\/sorring.dk\/stif\/wp-content\/uploads\/sites\/37\/2025\/06\/d33e1a54-b39a-48b7-b6f2-6ee31a073da7.png","contentUrl":"https:\/\/sorring.dk\/stif\/wp-content\/uploads\/sites\/37\/2025\/06\/d33e1a54-b39a-48b7-b6f2-6ee31a073da7.png","width":2048,"height":1365},{"@type":"BreadcrumbList","@id":"https:\/\/sorring.dk\/stif\/gymnastik\/#breadcrumb","itemListElement":[{"@type":"ListItem","position":1,"name":"Hjem","item":"https:\/\/sorring.dk\/stif\/"},{"@type":"ListItem","position":2,"name":"Gymnastik"}]},{"@type":"WebSite","@id":"https:\/\/sorring.dk\/stif\/#website","url":"https:\/\/sorring.dk\/stif\/","name":"Sorring Toustrup Idr\u00e6tsforening","description":"Gymnastik, voksenhold, fodbold, badminton og hundetr\u00e6ning","publisher":{"@id":"https:\/\/sorring.dk\/stif\/#organization"},"potentialAction":[{"@type":"SearchAction","target":{"@type":"EntryPoint","urlTemplate":"https:\/\/sorring.dk\/stif\/?s={search_term_string}"},"query-input":{"@type":"PropertyValueSpecification","valueRequired":true,"valueName":"search_term_string"}}],"inLanguage":"da-DK"},{"@type":"Organization","@id":"https:\/\/sorring.dk\/stif\/#organization","name":"Sorring Toustrup Idr\u00e6tsforening","url":"https:\/\/sorring.dk\/stif\/","logo":{"@type":"ImageObject","inLanguage":"da-DK","@id":"https:\/\/sorring.dk\/stif\/#\/schema\/logo\/image\/","url":"https:\/\/sorring.dk\/stif\/wp-content\/uploads\/sites\/37\/2018\/09\/STIF-Logo.jpg","contentUrl":"https:\/\/sorring.dk\/stif\/wp-content\/uploads\/sites\/37\/2018\/09\/STIF-Logo.jpg","width":165,"height":160,"caption":"Sorring Toustrup Idr\u00e6tsforening"},"image":{"@id":"https:\/\/sorring.dk\/stif\/#\/schema\/logo\/image\/"},"sameAs":["https:\/\/www.facebook.com\/SorringToustrupIF"]}]}},"_links":{"self":[{"href":"https:\/\/sorring.dk\/stif\/wp-json\/wp\/v2\/pages\/102","targetHints":{"allow":["GET"]}}],"collection":[{"href":"https:\/\/sorring.dk\/stif\/wp-json\/wp\/v2\/pages"}],"about":[{"href":"https:\/\/sorring.dk\/stif\/wp-json\/wp\/v2\/types\/page"}],"author":[{"embeddable":true,"href":"https:\/\/sorring.dk\/stif\/wp-json\/wp\/v2\/users\/1"}],"replies":[{"embeddable":true,"href":"https:\/\/sorring.dk\/stif\/wp-json\/wp\/v2\/comments?post=102"}],"version-history":[{"count":45,"href":"https:\/\/sorring.dk\/stif\/wp-json\/wp\/v2\/pages\/102\/revisions"}],"predecessor-version":[{"id":1869,"href":"https:\/\/sorring.dk\/stif\/wp-json\/wp\/v2\/pages\/102\/revisions\/1869"}],"wp:attachment":[{"href":"https:\/\/sorring.dk\/stif\/wp-json\/wp\/v2\/media?parent=102"}],"curies":[{"name":"wp","href":"https:\/\/api.w.org\/{rel}","templated":true}]}}