{"id":670,"date":"2023-01-24T21:10:42","date_gmt":"2023-01-24T20:10:42","guid":{"rendered":"https:\/\/sorring.dk\/lokalraad\/borgermoeder\/2023-2\/"},"modified":"2023-01-24T21:26:26","modified_gmt":"2023-01-24T20:26:26","slug":"2023-2","status":"publish","type":"page","link":"https:\/\/sorring.dk\/lokalraad\/borgermoeder\/2023-2\/","title":{"rendered":"2023"},"content":{"rendered":"<h1><\/h1>\n<h1 style=\"text-align: center\"><strong>F\u00e6llesm\u00f8de s\u00f8ndag den 27. august kl. 11 &#8211; 13<\/strong><\/h1>\n<p style=\"text-align: center\">S\u00e6t kryds i kalenderen den 27. august hvor Lokalr\u00e5det afholder det \u00e5rlige f\u00e6llesm\u00f8de (tidl. Borgerm\u00f8de) i nye, udend\u00f8rs rammer.<\/p>\n<p style=\"text-align: center\">Vi flytter m\u00f8det udenfor i Rasmussen Have, laver b\u00e5l i b\u00e5lhytten, og lokalr\u00e5det er v\u00e6rt for en grillp\u00f8lse, br\u00f8d og en vand til alle fremm\u00f8dte.<\/p>\n<p style=\"text-align: center\">Lokalr\u00e5det fort\u00e6ller lidt om det arbejde, der er lavet i \u00e5rets l\u00f8b.<\/p>\n<p style=\"text-align: center\">Alle &#8211; \u00e6ldre, b\u00f8rrn, unge og barnlige sj\u00e6le &#8211; er hjerteligt velkomne.<\/p>\n<h4 style=\"text-align: center\"><strong>Vi gl\u00e6der os til at se mange af jer til et par hyggelige timer i Rasmussens Have.<\/strong><\/h4>\n","protected":false},"excerpt":{"rendered":"<p>F\u00e6llesm\u00f8de s\u00f8ndag den 27. august kl. 11 &#8211; 13 S\u00e6t kryds i kalenderen den 27. august hvor Lokalr\u00e5det afholder det \u00e5rlige f\u00e6llesm\u00f8de (tidl. Borgerm\u00f8de) i nye, udend\u00f8rs rammer. Vi flytter m\u00f8det udenfor i Rasmussen Have, laver b\u00e5l i b\u00e5lhytten, og lokalr\u00e5det er v\u00e6rt for en grillp\u00f8lse, br\u00f8d og en vand til alle fremm\u00f8dte. Lokalr\u00e5det fort\u00e6ller [&#8230;]<\/p>\n<p><a class=\"btn btn-secondary understrap-read-more-link\" href=\"https:\/\/sorring.dk\/lokalraad\/borgermoeder\/2023-2\/\">L\u00e6s mere&#8230;<span class=\"screen-reader-text\"> from 2023<\/span><\/a><\/p>\n","protected":false},"author":8,"featured_media":0,"parent":129,"menu_order":3,"comment_status":"closed","ping_status":"closed","template":"","meta":{"footnotes":""},"class_list":["post-670","page","type-page","status-publish","hentry"],"_links":{"self":[{"href":"https:\/\/sorring.dk\/lokalraad\/wp-json\/wp\/v2\/pages\/670","targetHints":{"allow":["GET"]}}],"collection":[{"href":"https:\/\/sorring.dk\/lokalraad\/wp-json\/wp\/v2\/pages"}],"about":[{"href":"https:\/\/sorring.dk\/lokalraad\/wp-json\/wp\/v2\/types\/page"}],"author":[{"embeddable":true,"href":"https:\/\/sorring.dk\/lokalraad\/wp-json\/wp\/v2\/users\/8"}],"replies":[{"embeddable":true,"href":"https:\/\/sorring.dk\/lokalraad\/wp-json\/wp\/v2\/comments?post=670"}],"version-history":[{"count":3,"href":"https:\/\/sorring.dk\/lokalraad\/wp-json\/wp\/v2\/pages\/670\/revisions"}],"predecessor-version":[{"id":674,"href":"https:\/\/sorring.dk\/lokalraad\/wp-json\/wp\/v2\/pages\/670\/revisions\/674"}],"up":[{"embeddable":true,"href":"https:\/\/sorring.dk\/lokalraad\/wp-json\/wp\/v2\/pages\/129"}],"wp:attachment":[{"href":"https:\/\/sorring.dk\/lokalraad\/wp-json\/wp\/v2\/media?parent=670"}],"curies":[{"name":"wp","href":"https:\/\/api.w.org\/{rel}","templated":true}]}}