{"id":24,"date":"2018-09-22T14:34:10","date_gmt":"2018-09-22T12:34:10","guid":{"rendered":"http:\/\/sorring.dk\/lokalraad\/?page_id=24"},"modified":"2026-03-11T10:57:59","modified_gmt":"2026-03-11T09:57:59","slug":"lokalraadets-medlemmer","status":"publish","type":"page","link":"https:\/\/sorring.dk\/lokalraad\/lokalraadets-medlemmer\/","title":{"rendered":"Lokalr\u00e5dets medlemmer"},"content":{"rendered":"<p>Lokalr\u00e5det best\u00e5r af f\u00f8lgende personer<\/p>\n<p><img loading=\"lazy\" decoding=\"async\" class=\"alignnone size-large wp-image-932\" src=\"http:\/\/sorring.dk\/lokalraad\/wp-content\/uploads\/sites\/8\/2026\/03\/647379291_4049564428667695_3414609529788832861_n-e1773223068152-1024x529.jpg\" alt=\"\" width=\"640\" height=\"331\" srcset=\"https:\/\/sorring.dk\/lokalraad\/wp-content\/uploads\/sites\/8\/2026\/03\/647379291_4049564428667695_3414609529788832861_n-e1773223068152-1024x529.jpg 1024w, https:\/\/sorring.dk\/lokalraad\/wp-content\/uploads\/sites\/8\/2026\/03\/647379291_4049564428667695_3414609529788832861_n-e1773223068152-300x155.jpg 300w, https:\/\/sorring.dk\/lokalraad\/wp-content\/uploads\/sites\/8\/2026\/03\/647379291_4049564428667695_3414609529788832861_n-e1773223068152-768x397.jpg 768w, https:\/\/sorring.dk\/lokalraad\/wp-content\/uploads\/sites\/8\/2026\/03\/647379291_4049564428667695_3414609529788832861_n-e1773223068152-1536x793.jpg 1536w, https:\/\/sorring.dk\/lokalraad\/wp-content\/uploads\/sites\/8\/2026\/03\/647379291_4049564428667695_3414609529788832861_n-e1773223068152.jpg 1950w\" sizes=\"auto, (max-width: 640px) 100vw, 640px\" \/><\/p>\n<table style=\"width: 588px;height: 289px\">\n<tbody>\n<tr style=\"height: 22px\">\n<td style=\"width: 122px;height: 22px;text-align: center\"><strong>Titel<\/strong><\/td>\n<td style=\"width: 262px;height: 22px;text-align: center\"><strong>Navn<\/strong><\/td>\n<td style=\"width: 201px;height: 22px;text-align: center\"><strong>E-mail<\/strong><\/td>\n<td style=\"width: 96px;height: 22px;text-align: center\"><strong>Telefon<\/strong><\/td>\n<\/tr>\n<tr style=\"height: 22px\">\n<td style=\"width: 122px;height: 22px\">N\u00e6stformand<\/td>\n<td style=\"width: 262px;height: 22px\">Gorm Olesen<\/td>\n<td style=\"width: 201px;height: 22px\"><a href=\"mailto:lokal-formand@sorring.dk\">lokal-formand@sorring.dk<\/a><\/td>\n<td style=\"width: 96px;height: 22px\">24409634<\/td>\n<\/tr>\n<tr style=\"height: 22px\">\n<td style=\"width: 122px;height: 22px\">Kasserer<\/td>\n<td style=\"width: 262px;height: 22px\">Jens Bj\u00f8rn Hansen<\/td>\n<td style=\"width: 201px;height: 22px\"><a href=\"mailto:sorring@gjernel.dk\">sorring@gjernel.dk<\/a><\/td>\n<td style=\"width: 96px;height: 22px\">40507441<\/td>\n<\/tr>\n<tr style=\"height: 45px\">\n<td style=\"width: 122px;height: 23px\">Sekret\u00e6r<\/td>\n<td style=\"width: 262px;height: 23px\">Susanne Winther Davidsen<\/td>\n<td style=\"width: 201px;height: 23px\"><a href=\"mailto:swdavidsen@gmail.com\">swdavidsen@gmail.com<\/a><\/td>\n<td style=\"width: 96px;height: 23px\">60197571<\/td>\n<\/tr>\n<tr style=\"height: 22px\">\n<td style=\"width: 122px;height: 22px\">Menig medlem<\/td>\n<td style=\"width: 262px;height: 22px\">Ida \u00d8rum Andersen<\/td>\n<td style=\"width: 201px;height: 22px\"><a href=\"mailto:idaa87@yahoo.dk\">idaa87@yahoo.dk<\/a><\/td>\n<td style=\"width: 96px;height: 22px\">40104406<\/td>\n<\/tr>\n<tr style=\"height: 22px\">\n<td style=\"width: 122px;height: 22px\">Menig medlem<\/td>\n<td style=\"width: 262px;height: 22px\">Ivan Greve<\/td>\n<td style=\"width: 201px;height: 22px\"><a href=\"mailto:ivan.greve@silkeborg.dk\">ivan.greve@silkeborg.dk<\/a><\/td>\n<td style=\"width: 96px;height: 22px\">26141654<\/td>\n<\/tr>\n<tr style=\"height: 22px\">\n<td style=\"width: 122px;height: 22px\">Menig medlem<\/td>\n<td style=\"width: 262px;height: 22px\">Stinne Boes L\u00fctzh\u00f8ft<\/td>\n<td style=\"width: 201px;height: 22px\"><a href=\"mailto:sbky@live.dk\">sbky@live.dk<\/a><\/td>\n<td style=\"width: 96px;height: 22px\">22128618<\/td>\n<\/tr>\n<tr style=\"height: 16px\">\n<td style=\"width: 122px;height: 16px\">Formand<\/td>\n<td style=\"width: 262px;height: 16px\">Simone Schandorf Elstr\u00f8m<\/td>\n<td style=\"width: 201px;height: 16px\">Pt. orlov fra lokalr\u00e5det<\/td>\n<td style=\"width: 96px;height: 16px\"><\/td>\n<\/tr>\n<\/tbody>\n<\/table>\n<p><\/p>\n","protected":false},"excerpt":{"rendered":"<p>Lokalr\u00e5det best\u00e5r af f\u00f8lgende personer Titel Navn E-mail Telefon N\u00e6stformand Gorm Olesen lokal-formand@sorring.dk 24409634 Kasserer Jens Bj\u00f8rn Hansen sorring@gjernel.dk 40507441 Sekret\u00e6r Susanne Winther Davidsen swdavidsen@gmail.com 60197571 Menig medlem Ida \u00d8rum Andersen idaa87@yahoo.dk 40104406 Menig medlem Ivan Greve ivan.greve@silkeborg.dk 26141654 Menig medlem Stinne Boes L\u00fctzh\u00f8ft sbky@live.dk 22128618 Formand Simone Schandorf Elstr\u00f8m Pt. orlov fra lokalr\u00e5det [&#8230;]<\/p>\n<p><a class=\"btn btn-secondary understrap-read-more-link\" href=\"https:\/\/sorring.dk\/lokalraad\/lokalraadets-medlemmer\/\">L\u00e6s mere&#8230;<span class=\"screen-reader-text\"> from Lokalr\u00e5dets medlemmer<\/span><\/a><\/p>\n","protected":false},"author":6,"featured_media":0,"parent":0,"menu_order":5,"comment_status":"closed","ping_status":"closed","template":"","meta":{"footnotes":""},"class_list":["post-24","page","type-page","status-publish","hentry"],"_links":{"self":[{"href":"https:\/\/sorring.dk\/lokalraad\/wp-json\/wp\/v2\/pages\/24","targetHints":{"allow":["GET"]}}],"collection":[{"href":"https:\/\/sorring.dk\/lokalraad\/wp-json\/wp\/v2\/pages"}],"about":[{"href":"https:\/\/sorring.dk\/lokalraad\/wp-json\/wp\/v2\/types\/page"}],"author":[{"embeddable":true,"href":"https:\/\/sorring.dk\/lokalraad\/wp-json\/wp\/v2\/users\/6"}],"replies":[{"embeddable":true,"href":"https:\/\/sorring.dk\/lokalraad\/wp-json\/wp\/v2\/comments?post=24"}],"version-history":[{"count":19,"href":"https:\/\/sorring.dk\/lokalraad\/wp-json\/wp\/v2\/pages\/24\/revisions"}],"predecessor-version":[{"id":934,"href":"https:\/\/sorring.dk\/lokalraad\/wp-json\/wp\/v2\/pages\/24\/revisions\/934"}],"wp:attachment":[{"href":"https:\/\/sorring.dk\/lokalraad\/wp-json\/wp\/v2\/media?parent=24"}],"curies":[{"name":"wp","href":"https:\/\/api.w.org\/{rel}","templated":true}]}}