{"id":10,"date":"2018-09-15T19:15:48","date_gmt":"2018-09-15T17:15:48","guid":{"rendered":"http:\/\/sorring.dk\/hn-toemrer\/?page_id=10"},"modified":"2018-09-15T19:16:21","modified_gmt":"2018-09-15T17:16:21","slug":"forside","status":"publish","type":"page","link":"https:\/\/sorring.dk\/hn-toemrer\/","title":{"rendered":"Forside"},"content":{"rendered":"<p>v\/T\u00f8mrermester Henrik Nordsmark<br \/>\nL\u00e6s mere p\u00e5 HN T\u00f8mrers hjemmeside<br \/>\n<a href=\"http:\/\/www.hntomrer.dk\/\">www.hntomrer.dk<\/a><br \/>\n<img loading=\"lazy\" decoding=\"async\" class=\"aligncenter size-full wp-image-11\" src=\"http:\/\/sorring.dk\/hn-toemrer\/wp-content\/uploads\/sites\/17\/2018\/09\/HNTomrerlogo.png\" alt=\"\" width=\"240\" height=\"142\" \/><\/p>\n","protected":false},"excerpt":{"rendered":"<p>v\/T\u00f8mrermester Henrik Nordsmark L\u00e6s mere p\u00e5 HN T\u00f8mrers hjemmeside www.hntomrer.dk [&#8230;]<\/p>\n<p><a class=\"btn btn-secondary understrap-read-more-link\" href=\"https:\/\/sorring.dk\/hn-toemrer\/\">L\u00e6s mere&#8230;<span class=\"screen-reader-text\"> from Forside<\/span><\/a><\/p>\n","protected":false},"author":1,"featured_media":0,"parent":0,"menu_order":0,"comment_status":"closed","ping_status":"closed","template":"page-templates\/page-template-firma.php","meta":{"footnotes":""},"class_list":["post-10","page","type-page","status-publish","hentry"],"_links":{"self":[{"href":"https:\/\/sorring.dk\/hn-toemrer\/wp-json\/wp\/v2\/pages\/10","targetHints":{"allow":["GET"]}}],"collection":[{"href":"https:\/\/sorring.dk\/hn-toemrer\/wp-json\/wp\/v2\/pages"}],"about":[{"href":"https:\/\/sorring.dk\/hn-toemrer\/wp-json\/wp\/v2\/types\/page"}],"author":[{"embeddable":true,"href":"https:\/\/sorring.dk\/hn-toemrer\/wp-json\/wp\/v2\/users\/1"}],"replies":[{"embeddable":true,"href":"https:\/\/sorring.dk\/hn-toemrer\/wp-json\/wp\/v2\/comments?post=10"}],"version-history":[{"count":1,"href":"https:\/\/sorring.dk\/hn-toemrer\/wp-json\/wp\/v2\/pages\/10\/revisions"}],"predecessor-version":[{"id":12,"href":"https:\/\/sorring.dk\/hn-toemrer\/wp-json\/wp\/v2\/pages\/10\/revisions\/12"}],"wp:attachment":[{"href":"https:\/\/sorring.dk\/hn-toemrer\/wp-json\/wp\/v2\/media?parent=10"}],"curies":[{"name":"wp","href":"https:\/\/api.w.org\/{rel}","templated":true}]}}